{"id":15,"date":"2020-11-21T03:00:23","date_gmt":"2020-11-21T03:00:23","guid":{"rendered":"http:\/\/canoe.moxiworks.com\/teamrealty\/fr-ca\/buyers"},"modified":"2021-03-05T02:06:13","modified_gmt":"2021-03-05T07:06:13","slug":"buyers","status":"publish","type":"page","link":"https:\/\/teamrealty.c21.ca\/fr-ca\/buyers","title":{"rendered":"ACHETEURS"},"content":{"rendered":"\n<h1>\n\t\tATTENDEZ-VOUS \u00c0 PLUS\n\t<\/h1>\n\t<p>Laissez-vous guider par un professionnel.<\/p>\n<h1>\n\t\tATTENDEZ-VOUS \u00c0 PLUS\n\t<\/h1>\n\t<p>Laissez-vous guider par un professionnel.<\/p>\n<h2>\n\t\tL\u00c0 POUR VOUS \u00c0 CHAQUE \u00c9TAPE\n\t<\/h2>\n\t<p>L&#8217;achat d&#8217;une propri\u00e9t\u00e9 est l&#8217;une des transactions financi\u00e8res les plus importantes de votre vie. Il y a donc de nombreuses questions importantes \u00e0 consid\u00e9rer. Les courtiers immobiliers de CENTURY\u00a021<sup>MD<\/sup> vous offrent bien plus qu&#8217;un soutien pour votre transaction, ils vous accompagnent \u00e0 chaque \u00e9tape du processus. Faites confiance \u00e0 l&#8217;expertise des courtiers\u00a0C21 pour trouver la maison de vos r\u00eaves.<\/p>\n\t<p>Si vous \u00eates acheteur, nous pouvons vous aider \u00e0 optimiser vos recherches en tenant compte des facteurs que vous n&#8217;auriez pas forc\u00e9ment consid\u00e9r\u00e9s, que ce soit l&#8217;acc\u00e8s aux \u00e9coles, le style de vie recherch\u00e9 ou le retour sur un investissement estim\u00e9. \u00c0 l&#8217;aide de nos outils de recherche, vous pourrez trouver une propri\u00e9t\u00e9 qui correspond parfaitement \u00e0 vos besoins. En plus de nous occuper de tous les d\u00e9tails, nous mettrons \u00e0 profit nos connaissances du march\u00e9 local, notre expertise immobili\u00e8re et nos comp\u00e9tences pour vous aider \u00e0 n\u00e9gocier le meilleur prix.<\/p>\n<h2>\n\t\tFAITES CONFIANCE \u00c0 UN COURTIER IMMOBILIER C21\n\t<\/h2>\n\t<p>Chez CENTURY\u00a021<sup>MD<\/sup>, nous vous proposons l&#8217;information la plus \u00e0 jour pour vous aider \u00e0 prendre une d\u00e9cision \u00e9clair\u00e9e avant d&#8217;effectuer une transaction immobili\u00e8re.<\/p>\n\t\t\t<a href=\"\/fr-ca\/directory\" target=\"_self\" role=\"button\" rel=\"noopener noreferrer\">\n\t\t\t\t\t\t\tTrouver un courtier\n\t\t\t\t\t<\/a>\n<h2>\n\t\tPropri\u00e9t\u00e9s en vedette\n\t<\/h2>\n\t\t\t<a href=\"\/fr-ca\/search\" target=\"_self\" role=\"button\" rel=\"noopener noreferrer\">\n\t\t\t\t\t\t\tVoir plus de propri\u00e9t\u00e9s\n\t\t\t\t\t<\/a>\n<h2>\n\t\tPropri\u00e9t\u00e9s en vedette\n\t<\/h2>\n\t\t\t<a href=\"\/fr-ca\/search\" target=\"_self\" role=\"button\" rel=\"noopener noreferrer\">\n\t\t\t\t\t\t\tVoir plus de propri\u00e9t\u00e9s\n\t\t\t\t\t<\/a>\n<h2>\n\t\tL&#8217;AVANTAGE CENTURY 21\n\t<\/h2>\n\t\t\t\t<img decoding=\"async\" src=\"\/\/century21.agent.hub21.ca\/files\/2020\/11\/Mask-Group-6.png\" alt=\"Century 21\" itemprop=\"image\" title=\"Century 21\" onerror=\"this.style.display='none'\"  \/>\n<h4>\n\t\tFormation \u00e0 la fine pointe\n\t<\/h4>\n\t<p>Nous avons pour philosophie de bien former nos membres afin qu&#8217;ils puissent r\u00e9ussir en immobilier. Les programmes de formation de C21 visent \u00e0 aider les courtiers \u00e0 chaque \u00e9tape de leur parcours. Notre plateforme d&#8217;apprentissage bas\u00e9e sur le rendement est l&#8217;une des plus exhaustives de l&#8217;industrie.<\/p>\n<h4>\n\t\tReconnaissance, r\u00e9seautage et communaut\u00e9\n\t<\/h4>\n\t<p>Que se passe-t-il lorsque vous r\u00e9unissez la cr\u00e8me de la cr\u00e8me du monde entier? Pas mal de choses exceptionnelles! Collaborative, solidaire et inspirante, notre communaut\u00e9 de savoir s&#8217;\u00e9tend aux quatre coins du Canada. Nous veillons \u00e0 c\u00e9l\u00e9brer le succ\u00e8s de nos coll\u00e8gues dans le cadre de notre embl\u00e9matique programme de prix CENTURION<sup>MD<\/sup>. De plus, nous nous investissons dans la communaut\u00e9 et soutenons les Timbres de P\u00e2ques depuis plus de 40\u00a0ans.<\/p>\n\n","protected":false},"excerpt":{"rendered":"<p>ATTENDEZ-VOUS \u00c0 PLUS Laissez-vous guider par un professionnel. ATTENDEZ-VOUS \u00c0 PLUS Laissez-vous guider par un professionnel. L\u00c0 POUR VOUS \u00c0 CHAQUE \u00c9TAPE L&#8217;achat d&#8217;une propri\u00e9t\u00e9 est l&#8217;une des transactions financi\u00e8res les plus importantes de votre vie. Il y a donc de nombreuses questions importantes \u00e0 consid\u00e9rer. Les courtiers immobiliers de CENTURY\u00a021MD vous offrent bien plus [&hellip;]<\/p>\n","protected":false},"author":2,"featured_media":1792,"parent":0,"menu_order":0,"comment_status":"closed","ping_status":"closed","template":"","meta":{"footnotes":""},"class_list":["post-15","page","type-page","status-publish","has-post-thumbnail","hentry"],"_links":{"self":[{"href":"https:\/\/teamrealty.c21.ca\/fr-ca\/wp-json\/wp\/v2\/pages\/15","targetHints":{"allow":["GET"]}}],"collection":[{"href":"https:\/\/teamrealty.c21.ca\/fr-ca\/wp-json\/wp\/v2\/pages"}],"about":[{"href":"https:\/\/teamrealty.c21.ca\/fr-ca\/wp-json\/wp\/v2\/types\/page"}],"author":[{"embeddable":true,"href":"https:\/\/teamrealty.c21.ca\/fr-ca\/wp-json\/wp\/v2\/users\/2"}],"replies":[{"embeddable":true,"href":"https:\/\/teamrealty.c21.ca\/fr-ca\/wp-json\/wp\/v2\/comments?post=15"}],"version-history":[{"count":1,"href":"https:\/\/teamrealty.c21.ca\/fr-ca\/wp-json\/wp\/v2\/pages\/15\/revisions"}],"predecessor-version":[{"id":31,"href":"https:\/\/teamrealty.c21.ca\/fr-ca\/wp-json\/wp\/v2\/pages\/15\/revisions\/31"}],"wp:featuredmedia":[{"embeddable":true,"href":"https:\/\/teamrealty.c21.ca\/fr-ca\/wp-json\/"}],"wp:attachment":[{"href":"https:\/\/teamrealty.c21.ca\/fr-ca\/wp-json\/wp\/v2\/media?parent=15"}],"curies":[{"name":"wp","href":"https:\/\/api.w.org\/{rel}","templated":true}]}}