{"id":7,"date":"2020-11-19T23:08:31","date_gmt":"2020-11-19T23:08:31","guid":{"rendered":"http:\/\/canoe.moxiworks.com\/teamrealty\/fr-ca\/careers"},"modified":"2021-03-05T02:06:09","modified_gmt":"2021-03-05T07:06:09","slug":"careers","status":"publish","type":"page","link":"https:\/\/teamrealty.c21.ca\/fr-ca\/careers","title":{"rendered":"POURQUOI CHOISIR C21?"},"content":{"rendered":"\n<h1>\n\t\tUn R\u00e9seau ax\u00e9 sur les courtiers immobiliers\n\t<\/h1>\n\t<p>Nous sommes d\u00e9termin\u00e9s \u00e0 favoriser la r\u00e9ussite de nos courtiers immobiliers.<\/p>\n<h1>\n\t\tUn R\u00e9seau ax\u00e9 sur les courtiers immobiliers\n\t<\/h1>\n\t<p>Nous sommes d\u00e9termin\u00e9s \u00e0 favoriser la r\u00e9ussite de nos courtiers immobiliers.<\/p>\n<h2>\n\t\tPourquoi choisir C21?\n\t<\/h2>\n\t<p>Notre R\u00e9seau est ax\u00e9 sur les courtiers immobiliers. Cela signifie que le succ\u00e8s de nos courtiers est notre plus grande priorit\u00e9, quoi qu&#8217;il arrive. Nous fournissons \u00e0 nos courtiers tout ce qu&#8217;il leur faut pour r\u00e9ussir, du moment o\u00f9 ils commencent leur carri\u00e8re, jusqu&#8217;\u00e0 leur retraite. Vous profiterez de la notori\u00e9t\u00e9 d&#8217;une marque mondialement connue, de ressources publicitaires efficaces, d&#8217;outils technologiques r\u00e9volutionnaires et de programmes de formation de premi\u00e8re qualit\u00e9. La marque CENTURY\u00a021<sup>MD <\/sup>vous donnera une longueur d&#8217;avance o\u00f9 que vous soyez.<\/p>\n\t\t\t<a href=\"\/fr-ca\/contact-us\" target=\"_self\" role=\"button\" rel=\"noopener noreferrer\">\n\t\t\t\t\t\t\tContactez-nous\n\t\t\t\t\t<\/a>\n\t\t<nav>\n\t\t\t<ul>\n\t\t\t\t\t\t\t\t<li data-index=\"0\">\n\t\t\t\t\t<h4>\n\t\t\t\t\t\t<a href=\"javascript:void(0);\">UN SOUTIEN IN\u00c9GAL\u00c9<\/a>\n\t\t\t\t\t<\/h4>\n\t\t\t\t<\/li>\n\t\t\t\t\t\t\t\t<li data-index=\"1\">\n\t\t\t\t\t<h4>\n\t\t\t\t\t\t<a href=\"javascript:void(0);\">R\u00c9SEAU DE R\u00c9F\u00c9RENCES LOCAL ET MONDIAL<\/a>\n\t\t\t\t\t<\/h4>\n\t\t\t\t<\/li>\n\t\t\t\t\t\t\t\t<li data-index=\"2\">\n\t\t\t\t\t<h4>\n\t\t\t\t\t\t<a href=\"javascript:void(0);\">PUISSANTS OUTILS DE G\u00c9N\u00c9RATION DE PROSPECTS<\/a>\n\t\t\t\t\t<\/h4>\n\t\t\t\t<\/li>\n\t\t\t\t\t\t\t\t<li data-index=\"3\">\n\t\t\t\t\t<h4>\n\t\t\t\t\t\t<a href=\"javascript:void(0);\">FORMATION \u00c0 LA FINE POINTE<\/a>\n\t\t\t\t\t<\/h4>\n\t\t\t\t<\/li>\n\t\t\t\t\t\t\t\t<li data-index=\"4\">\n\t\t\t\t\t<h4>\n\t\t\t\t\t\t<a href=\"javascript:void(0);\">RESSOURCES PUBLICITAIRES HORS PAIR<\/a>\n\t\t\t\t\t<\/h4>\n\t\t\t\t<\/li>\n\t\t\t\t\t\t\t\t<li data-index=\"5\">\n\t\t\t\t\t<h4>\n\t\t\t\t\t\t<a href=\"javascript:void(0);\">RECONNAISSANCE, R\u00c9SEAUTAGE ET COMMUNAUT\u00c9<\/a>\n\t\t\t\t\t<\/h4>\n\t\t\t\t<\/li>\n\t\t\t\t\t\t\t<\/ul>\n\t\t<\/nav>\n\t\t\t\t\t<h4>\n\t\t\t\t\t\t\t\t\t\t\t\tUN SOUTIEN IN\u00c9GAL\u00c9\n\t\t\t\t\t\t\t\t\t\t\t<\/h4>\n<img decoding=\"async\" src=\"\/\/century21.agent.hub21.ca\/files\/2020\/11\/Mask-Group-18.png\" alt=\"Unrivaled Support\" width=\"494\" height=\"351\" \/>\n\n<p>Nous vous fournissons tous les outils publicitaires et technologiques ainsi que la formation dont vous avez besoin pour r\u00e9ussir. R\u00e9sultat : vous n&#8217;avez pas \u00e0 rechercher et \u00e0 g\u00e9rer ces ressources s\u00e9par\u00e9ment. Vous pouvez donc vous concentrer sur ce qui compte : offrir une exp\u00e9rience unique \u00e0 vos clients. Nous proposons \u00e9galement le programme Concierge C21<sup>MD<\/sup> qui vous aide \u00e0 tirer le maximum de vos outils C21 pour accro\u00eetre votre chiffre d&#8217;affaires.<\/p>\n\t\t\t\t\t<h4>\n\t\t\t\t\t\t\t\t\t\t\t\tR\u00c9SEAU DE R\u00c9F\u00c9RENCES LOCAL ET MONDIAL\n\t\t\t\t\t\t\t\t\t\t\t<\/h4>\n<img decoding=\"async\" src=\"\/\/century21.agent.hub21.ca\/files\/2020\/12\/Mask_Group_-11.png\" alt=\"Global Recognition\" width=\"494\" height=\"351\" \/>\n\n<p>Notre vision est d&#8217;\u00eatre la marque immobili\u00e8re la plus pris\u00e9e du monde. Les clients potentiels sont dirig\u00e9s directement vers vous gr\u00e2ce au r\u00e9seau<strong>\u00a0<\/strong> CENTURY\u00a021<sup>MD<\/sup>. Le fait de vous associer \u00e0 l&#8217;un des plus vastes r\u00e9seaux immobiliers au monde vous donne acc\u00e8s \u00e0 un immense bassin de clients locaux et internationaux. La marque CENTURY\u00a021 \u00e9tant pr\u00e9sente dans plus de 80\u00a0pays, vous b\u00e9n\u00e9ficierez d&#8217;une reconnaissance mondiale en tant que courtier immobilier C21, o\u00f9 que vous soyez.<\/p>\n\t\t\t\t\t<h4>\n\t\t\t\t\t\t\t\t\t\t\t\tPUISSANTS OUTILS DE G\u00c9N\u00c9RATION DE PROSPECTS\n\t\t\t\t\t\t\t\t\t\t\t<\/h4>\n<img decoding=\"async\" src=\"\/\/century21.agent.hub21.ca\/files\/2020\/12\/Mask_Group_-12.png\" alt=\"Lead Generation\" width=\"494\" height=\"351\" \/>\n\n<p>Attirez plus de clients potentiels, signez plus d&#8217;inscriptions et dominez le march\u00e9, gr\u00e2ce \u00e0 notre technologie r\u00e9volutionnaire. CENTURY\u00a021<sup>MD<\/sup> propose des outils technologiques et publicitaires \u00e0 la fine pointe, dont des sites Web personnalisables, des \u00e9valuations en ligne, un syst\u00e8me de gestions de contacts (CRM), des ressources pour les m\u00e9dias sociaux et une plateforme de marketing vid\u00e9o. De plus, vos inscriptions b\u00e9n\u00e9ficient d&#8217;une visibilit\u00e9 optimale sur Century21Global.com, un site consult\u00e9 par des millions d&#8217;acheteurs du monde entier. Nous proposons \u00e9galement des programmes de formation technologique qui vous aident \u00e0 vous d\u00e9marquer de la concurrence en ligne.<\/p>\n\t\t\t\t\t<h4>\n\t\t\t\t\t\t\t\t\t\t\t\tFORMATION \u00c0 LA FINE POINTE\n\t\t\t\t\t\t\t\t\t\t\t<\/h4>\n<p>\u00a0<\/p>\n<img decoding=\"async\" src=\"\/\/century21.agent.hub21.ca\/files\/2020\/12\/Mask_Group_-13.png\" alt=\"Cutting Edge Training\" width=\"494\" height=\"351\" \/>\n<p>\u00a0<\/p>\n<p>\u00a0<\/p>\n\n<p>\u00a0<\/p>\n<p>D\u00e9marrez en confiance d\u00e8s le premier jour. Nous avons pour philosophie de bien former nos membres afin qu&#8217;ils puissent r\u00e9ussir en immobilier. Les programmes de formation de C21, comme CAMPUS\u00a021\u00a0TV, C21\u00a0University<sup>MD<\/sup> et la C21 Coaching Academy, sont con\u00e7us pour vous aider \u00e0 chaque \u00e9tape de votre carri\u00e8re. En fait, notre nouvelle plateforme d&#8217;apprentissage ax\u00e9e sur le rendement, CAMPUS\u00a021\u00a0TV, est l&#8217;une des plus exhaustives de l&#8217;industrie. Chez CENTURY\u00a021<sup>MD<\/sup>, vous avez acc\u00e8s \u00e0 nos cours en temps r\u00e9el et sur demande, en plus de b\u00e9n\u00e9ficier de nos partenariats avec les meilleurs experts, formateurs et coachs de l&#8217;industrie.<\/p>\n<p>\u00a0<\/p>\n<p>\u00a0<\/p>\n<p>\u00a0<\/p>\n\t\t\t\t\t<h4>\n\t\t\t\t\t\t\t\t\t\t\t\tRESSOURCES PUBLICITAIRES HORS PAIR\n\t\t\t\t\t\t\t\t\t\t\t<\/h4>\n<img decoding=\"async\" src=\"\/\/century21.agent.hub21.ca\/files\/2020\/12\/Mask_Group_-14.png\" alt=\"Marketing\" width=\"494\" height=\"351\" \/>\n\n<p>Une nouvelle marque, une nouvelle attitude et bien plus! Notre Centre de marketing regorge de ressources pratiques\u00a0&#8211; du contenu pour les m\u00e9dias sociaux aux pr\u00e9sentations de mise en march\u00e9 \u00e0 l&#8217;intention des vendeurs et des<strong>\u00a0<\/strong> acheteurs de propri\u00e9t\u00e9s r\u00e9sidentielles, commerciales et haut de gamme. Tous ces outils publicitaires sophistiqu\u00e9s sont int\u00e9gr\u00e9s \u00e0 votre syst\u00e8me de gestion de contacts (CRM)<strong>\u00a0<\/strong> et \u00e0 votre Service Inter-Agences (SIA\/MLS)<strong>\u00a0<\/strong> afin de rester en contact permanent avec vos clients potentiels<strong>\u00a0<\/strong>. CENTURY\u00a021<sup>MD<\/sup> vous aide \u00e0 promouvoir efficacement vos inscriptions et \u00e0 vous d\u00e9marquer de la concurrence.<\/p>\n\t\t\t\t\t<h4>\n\t\t\t\t\t\t\t\t\t\t\t\tRECONNAISSANCE, R\u00c9SEAUTAGE ET COMMUNAUT\u00c9\n\t\t\t\t\t\t\t\t\t\t\t<\/h4>\n<img decoding=\"async\" src=\"\/\/century21.agent.hub21.ca\/files\/2020\/12\/Mask_Group_-15.png\" alt=\"Recognition - Laptop\" width=\"494\" height=\"351\" \/>\n\n<p>Que se passe-t-il lorsque vous r\u00e9unissez la cr\u00e8me de la cr\u00e8me du monde entier? Pas mal de choses exceptionnelles! Collaborative, solidaire et inspirante, notre communaut\u00e9 de savoir s&#8217;\u00e9tend aux quatre coins du Canada. De plus, nous veillons \u00e0 c\u00e9l\u00e9brer le succ\u00e8s de nos coll\u00e8gues dans le cadre de notre embl\u00e9matique programme de prix CENTURION<sup>MD<\/sup>.<\/p>\n\t\t\t\t\t<!-- \/content -->\n\t<!-- \/tabs -->\n<h2>\n\t\tCONTACTEZ-NOUS AUJOURD&#8217;HUI POUR LANCER VOTRE CARRI\u00c8RE\n\t<\/h2>\n\n","protected":false},"excerpt":{"rendered":"<p>Un R\u00e9seau ax\u00e9 sur les courtiers immobiliers Nous sommes d\u00e9termin\u00e9s \u00e0 favoriser la r\u00e9ussite de nos courtiers immobiliers. Un R\u00e9seau ax\u00e9 sur les courtiers immobiliers Nous sommes d\u00e9termin\u00e9s \u00e0 favoriser la r\u00e9ussite de nos courtiers immobiliers. Pourquoi choisir C21? Notre R\u00e9seau est ax\u00e9 sur les courtiers immobiliers. Cela signifie que le succ\u00e8s de nos courtiers [&hellip;]<\/p>\n","protected":false},"author":2,"featured_media":1771,"parent":0,"menu_order":0,"comment_status":"closed","ping_status":"closed","template":"","meta":{"footnotes":""},"class_list":["post-7","page","type-page","status-publish","has-post-thumbnail","hentry"],"_links":{"self":[{"href":"https:\/\/teamrealty.c21.ca\/fr-ca\/wp-json\/wp\/v2\/pages\/7","targetHints":{"allow":["GET"]}}],"collection":[{"href":"https:\/\/teamrealty.c21.ca\/fr-ca\/wp-json\/wp\/v2\/pages"}],"about":[{"href":"https:\/\/teamrealty.c21.ca\/fr-ca\/wp-json\/wp\/v2\/types\/page"}],"author":[{"embeddable":true,"href":"https:\/\/teamrealty.c21.ca\/fr-ca\/wp-json\/wp\/v2\/users\/2"}],"replies":[{"embeddable":true,"href":"https:\/\/teamrealty.c21.ca\/fr-ca\/wp-json\/wp\/v2\/comments?post=7"}],"version-history":[{"count":1,"href":"https:\/\/teamrealty.c21.ca\/fr-ca\/wp-json\/wp\/v2\/pages\/7\/revisions"}],"predecessor-version":[{"id":23,"href":"https:\/\/teamrealty.c21.ca\/fr-ca\/wp-json\/wp\/v2\/pages\/7\/revisions\/23"}],"wp:featuredmedia":[{"embeddable":true,"href":"https:\/\/teamrealty.c21.ca\/fr-ca\/wp-json\/"}],"wp:attachment":[{"href":"https:\/\/teamrealty.c21.ca\/fr-ca\/wp-json\/wp\/v2\/media?parent=7"}],"curies":[{"name":"wp","href":"https:\/\/api.w.org\/{rel}","templated":true}]}}